{"id":2,"date":"2024-07-22T21:30:24","date_gmt":"2024-07-22T21:30:24","guid":{"rendered":"https:\/\/dev5.conwayandpartners.com\/campstone\/site\/?page_id=2"},"modified":"2025-07-17T17:00:13","modified_gmt":"2025-07-17T17:00:13","slug":"campstone","status":"publish","type":"page","link":"https:\/\/campstonegroup.com\/es\/","title":{"rendered":"Home"},"content":{"rendered":"","protected":false},"excerpt":{"rendered":"","protected":false},"author":1,"featured_media":232,"parent":0,"menu_order":0,"comment_status":"closed","ping_status":"open","template":"","meta":{"_acf_changed":false,"inline_featured_image":false,"footnotes":""},"class_list":["post-2","page","type-page","status-publish","has-post-thumbnail","hentry"],"acf":[],"yoast_head":"<!-- This site is optimized with the Yoast SEO plugin v26.1.1 - https:\/\/yoast.com\/wordpress\/plugins\/seo\/ -->\n<title>Campstone<\/title>\n<meta name=\"description\" content=\"Campstone es una consultora de asuntos p\u00fablicos y corporativos, que desarrolla e implementa estrategias de comunicaci\u00f3n y vinculaci\u00f3n.\" \/>\n<meta name=\"robots\" content=\"index, follow, max-snippet:-1, max-image-preview:large, max-video-preview:-1\" \/>\n<link rel=\"canonical\" href=\"https:\/\/campstonegroup.com\/es\/\" \/>\n<meta property=\"og:locale\" content=\"es_ES\" \/>\n<meta property=\"og:locale:alternate\" content=\"en_US\" \/>\n<meta property=\"og:type\" content=\"article\" \/>\n<meta property=\"og:title\" content=\"Campstone\" \/>\n<meta property=\"og:description\" content=\"Campstone es una consultora de asuntos p\u00fablicos y corporativos, que desarrolla e implementa estrategias de comunicaci\u00f3n y vinculaci\u00f3n.\" \/>\n<meta property=\"og:url\" content=\"https:\/\/campstonegroup.com\/es\/\" \/>\n<meta property=\"og:site_name\" content=\"Campstone\" \/>\n<meta property=\"article:modified_time\" content=\"2025-07-17T17:00:13+00:00\" \/>\n<meta property=\"og:image\" content=\"http:\/\/campstonegroup.com\/wp-content\/uploads\/2024\/10\/Campstone-Public-Government-Affairs.jpg\" \/>\n\t<meta property=\"og:image:width\" content=\"500\" \/>\n\t<meta property=\"og:image:height\" content=\"500\" \/>\n\t<meta property=\"og:image:type\" content=\"image\/jpeg\" \/>\n<meta name=\"twitter:card\" content=\"summary_large_image\" \/>\n<meta name=\"twitter:label1\" content=\"Tiempo de lectura\" \/>\n\t<meta name=\"twitter:data1\" content=\"1 minuto\" \/>\n<script type=\"application\/ld+json\" class=\"yoast-schema-graph\">{\"@context\":\"https:\/\/schema.org\",\"@graph\":[{\"@type\":\"WebPage\",\"@id\":\"https:\/\/campstonegroup.com\/en\/\",\"url\":\"https:\/\/campstonegroup.com\/en\/\",\"name\":\"Campstone\",\"isPartOf\":{\"@id\":\"https:\/\/campstonegroup.com\/en\/#website\"},\"primaryImageOfPage\":{\"@id\":\"https:\/\/campstonegroup.com\/en\/#primaryimage\"},\"image\":{\"@id\":\"https:\/\/campstonegroup.com\/en\/#primaryimage\"},\"thumbnailUrl\":\"https:\/\/campstonegroup.com\/wp-content\/uploads\/2024\/10\/Campstone-Public-Government-Affairs.jpg\",\"datePublished\":\"2024-07-22T21:30:24+00:00\",\"dateModified\":\"2025-07-17T17:00:13+00:00\",\"description\":\"Campstone es una consultora de asuntos p\u00fablicos y corporativos, que desarrolla e implementa estrategias de comunicaci\u00f3n y vinculaci\u00f3n.\",\"breadcrumb\":{\"@id\":\"https:\/\/campstonegroup.com\/en\/#breadcrumb\"},\"inLanguage\":\"es-ES\",\"potentialAction\":[{\"@type\":\"ReadAction\",\"target\":[\"https:\/\/campstonegroup.com\/en\/\"]}]},{\"@type\":\"ImageObject\",\"inLanguage\":\"es-ES\",\"@id\":\"https:\/\/campstonegroup.com\/en\/#primaryimage\",\"url\":\"https:\/\/campstonegroup.com\/wp-content\/uploads\/2024\/10\/Campstone-Public-Government-Affairs.jpg\",\"contentUrl\":\"https:\/\/campstonegroup.com\/wp-content\/uploads\/2024\/10\/Campstone-Public-Government-Affairs.jpg\",\"width\":500,\"height\":500,\"caption\":\"Campstone-Public-Government-Affairs\"},{\"@type\":\"BreadcrumbList\",\"@id\":\"https:\/\/campstonegroup.com\/en\/#breadcrumb\",\"itemListElement\":[{\"@type\":\"ListItem\",\"position\":1,\"name\":\"Home\",\"item\":\"https:\/\/campstonegroup.com\/en\/\"},{\"@type\":\"ListItem\",\"position\":2,\"name\":\"Home\"}]},{\"@type\":\"WebSite\",\"@id\":\"https:\/\/campstonegroup.com\/en\/#website\",\"url\":\"https:\/\/campstonegroup.com\/en\/\",\"name\":\"Campstone\",\"description\":\"\",\"publisher\":{\"@id\":\"https:\/\/campstonegroup.com\/en\/#organization\"},\"potentialAction\":[{\"@type\":\"SearchAction\",\"target\":{\"@type\":\"EntryPoint\",\"urlTemplate\":\"https:\/\/campstonegroup.com\/en\/?s={search_term_string}\"},\"query-input\":{\"@type\":\"PropertyValueSpecification\",\"valueRequired\":true,\"valueName\":\"search_term_string\"}}],\"inLanguage\":\"es-ES\"},{\"@type\":\"Organization\",\"@id\":\"https:\/\/campstonegroup.com\/en\/#organization\",\"name\":\"Campstone\",\"url\":\"https:\/\/campstonegroup.com\/en\/\",\"logo\":{\"@type\":\"ImageObject\",\"inLanguage\":\"es-ES\",\"@id\":\"https:\/\/campstonegroup.com\/en\/#\/schema\/logo\/image\/\",\"url\":\"https:\/\/campstonegroup.com\/wp-content\/uploads\/2024\/07\/Group-9957.svg\",\"contentUrl\":\"https:\/\/campstonegroup.com\/wp-content\/uploads\/2024\/07\/Group-9957.svg\",\"width\":198,\"height\":49,\"caption\":\"Campstone\"},\"image\":{\"@id\":\"https:\/\/campstonegroup.com\/en\/#\/schema\/logo\/image\/\"}}]}<\/script>\n<!-- \/ Yoast SEO plugin. -->","yoast_head_json":{"title":"Campstone","description":"Campstone es una consultora de asuntos p\u00fablicos y corporativos, que desarrolla e implementa estrategias de comunicaci\u00f3n y vinculaci\u00f3n.","robots":{"index":"index","follow":"follow","max-snippet":"max-snippet:-1","max-image-preview":"max-image-preview:large","max-video-preview":"max-video-preview:-1"},"canonical":"https:\/\/campstonegroup.com\/es\/","og_locale":"es_ES","og_type":"article","og_title":"[:en]Campstone[:]","og_description":"[:en]Campstone is a public and corporate affairs consultancy, that develops and implements communication and engagement strategies.[:es]Campstone es una consultora de asuntos p\u00fablicos y corporativos, que desarrolla e implementa estrategias de comunicaci\u00f3n y vinculaci\u00f3n.[:]","og_url":"https:\/\/campstonegroup.com\/es\/","og_site_name":"Campstone","article_modified_time":"2025-07-17T17:00:13+00:00","og_image":[{"width":500,"height":500,"url":"http:\/\/campstonegroup.com\/wp-content\/uploads\/2024\/10\/Campstone-Public-Government-Affairs.jpg","type":"image\/jpeg"}],"twitter_card":"summary_large_image","twitter_misc":{"Tiempo de lectura":"1 minuto"},"schema":{"@context":"https:\/\/schema.org","@graph":[{"@type":"WebPage","@id":"https:\/\/campstonegroup.com\/en\/","url":"https:\/\/campstonegroup.com\/en\/","name":"Campstone","isPartOf":{"@id":"https:\/\/campstonegroup.com\/en\/#website"},"primaryImageOfPage":{"@id":"https:\/\/campstonegroup.com\/en\/#primaryimage"},"image":{"@id":"https:\/\/campstonegroup.com\/en\/#primaryimage"},"thumbnailUrl":"https:\/\/campstonegroup.com\/wp-content\/uploads\/2024\/10\/Campstone-Public-Government-Affairs.jpg","datePublished":"2024-07-22T21:30:24+00:00","dateModified":"2025-07-17T17:00:13+00:00","description":"Campstone es una consultora de asuntos p\u00fablicos y corporativos, que desarrolla e implementa estrategias de comunicaci\u00f3n y vinculaci\u00f3n.","breadcrumb":{"@id":"https:\/\/campstonegroup.com\/en\/#breadcrumb"},"inLanguage":"es-ES","potentialAction":[{"@type":"ReadAction","target":["https:\/\/campstonegroup.com\/en\/"]}]},{"@type":"ImageObject","inLanguage":"es-ES","@id":"https:\/\/campstonegroup.com\/en\/#primaryimage","url":"https:\/\/campstonegroup.com\/wp-content\/uploads\/2024\/10\/Campstone-Public-Government-Affairs.jpg","contentUrl":"https:\/\/campstonegroup.com\/wp-content\/uploads\/2024\/10\/Campstone-Public-Government-Affairs.jpg","width":500,"height":500,"caption":"Campstone-Public-Government-Affairs"},{"@type":"BreadcrumbList","@id":"https:\/\/campstonegroup.com\/en\/#breadcrumb","itemListElement":[{"@type":"ListItem","position":1,"name":"Home","item":"https:\/\/campstonegroup.com\/en\/"},{"@type":"ListItem","position":2,"name":"Home"}]},{"@type":"WebSite","@id":"https:\/\/campstonegroup.com\/en\/#website","url":"https:\/\/campstonegroup.com\/en\/","name":"Campstone","description":"","publisher":{"@id":"https:\/\/campstonegroup.com\/en\/#organization"},"potentialAction":[{"@type":"SearchAction","target":{"@type":"EntryPoint","urlTemplate":"https:\/\/campstonegroup.com\/en\/?s={search_term_string}"},"query-input":{"@type":"PropertyValueSpecification","valueRequired":true,"valueName":"search_term_string"}}],"inLanguage":"es-ES"},{"@type":"Organization","@id":"https:\/\/campstonegroup.com\/en\/#organization","name":"Campstone","url":"https:\/\/campstonegroup.com\/en\/","logo":{"@type":"ImageObject","inLanguage":"es-ES","@id":"https:\/\/campstonegroup.com\/en\/#\/schema\/logo\/image\/","url":"https:\/\/campstonegroup.com\/wp-content\/uploads\/2024\/07\/Group-9957.svg","contentUrl":"https:\/\/campstonegroup.com\/wp-content\/uploads\/2024\/07\/Group-9957.svg","width":198,"height":49,"caption":"Campstone"},"image":{"@id":"https:\/\/campstonegroup.com\/en\/#\/schema\/logo\/image\/"}}]}},"_links":{"self":[{"href":"https:\/\/campstonegroup.com\/es\/wp-json\/wp\/v2\/pages\/2","targetHints":{"allow":["GET"]}}],"collection":[{"href":"https:\/\/campstonegroup.com\/es\/wp-json\/wp\/v2\/pages"}],"about":[{"href":"https:\/\/campstonegroup.com\/es\/wp-json\/wp\/v2\/types\/page"}],"author":[{"embeddable":true,"href":"https:\/\/campstonegroup.com\/es\/wp-json\/wp\/v2\/users\/1"}],"replies":[{"embeddable":true,"href":"https:\/\/campstonegroup.com\/es\/wp-json\/wp\/v2\/comments?post=2"}],"version-history":[{"count":72,"href":"https:\/\/campstonegroup.com\/es\/wp-json\/wp\/v2\/pages\/2\/revisions"}],"predecessor-version":[{"id":257,"href":"https:\/\/campstonegroup.com\/es\/wp-json\/wp\/v2\/pages\/2\/revisions\/257"}],"wp:featuredmedia":[{"embeddable":true,"href":"https:\/\/campstonegroup.com\/es\/wp-json\/wp\/v2\/media\/232"}],"wp:attachment":[{"href":"https:\/\/campstonegroup.com\/es\/wp-json\/wp\/v2\/media?parent=2"}],"curies":[{"name":"wp","href":"https:\/\/api.w.org\/{rel}","templated":true}]}}